{"id":2390,"date":"2022-02-08T22:42:12","date_gmt":"2022-02-08T19:42:12","guid":{"rendered":"https:\/\/zas.az\/?page_id=2390"},"modified":"2022-03-13T20:26:31","modified_gmt":"2022-03-13T17:26:31","slug":"biz-kimik","status":"publish","type":"page","link":"https:\/\/zas.az\/ru\/biz-kimik\/","title":{"rendered":"\u041a\u0442\u043e \u043c\u044b?"},"content":{"rendered":"<div data-elementor-type=\"wp-page\" data-elementor-id=\"2390\" class=\"elementor elementor-2390\">\n\t\t\t\t\t\t<section class=\"elementor-section elementor-top-section elementor-element elementor-element-4bc88673 elementor-section-boxed elementor-section-height-default elementor-section-height-default\" data-id=\"4bc88673\" data-element_type=\"section\" data-settings=\"{&quot;background_background&quot;:&quot;classic&quot;}\">\n\t\t\t\t\t\t<div class=\"elementor-container elementor-column-gap-default\">\n\t\t\t\t\t<div class=\"elementor-column elementor-col-100 elementor-top-column elementor-element elementor-element-4b2ed84c\" data-id=\"4b2ed84c\" data-element_type=\"column\">\n\t\t\t<div class=\"elementor-widget-wrap elementor-element-populated\">\n\t\t\t\t\t\t<div class=\"elementor-element elementor-element-1fa86c02 elementor-widget elementor-widget-spacer\" data-id=\"1fa86c02\" data-element_type=\"widget\" data-widget_type=\"spacer.default\">\n\t\t\t\t<div class=\"elementor-widget-container\">\n\t\t\t<style>\/*! elementor - v3.20.0 - 13-03-2024 *\/\n.elementor-column .elementor-spacer-inner{height:var(--spacer-size)}.e-con{--container-widget-width:100%}.e-con-inner>.elementor-widget-spacer,.e-con>.elementor-widget-spacer{width:var(--container-widget-width,var(--spacer-size));--align-self:var(--container-widget-align-self,initial);--flex-shrink:0}.e-con-inner>.elementor-widget-spacer>.elementor-widget-container,.e-con>.elementor-widget-spacer>.elementor-widget-container{height:100%;width:100%}.e-con-inner>.elementor-widget-spacer>.elementor-widget-container>.elementor-spacer,.e-con>.elementor-widget-spacer>.elementor-widget-container>.elementor-spacer{height:100%}.e-con-inner>.elementor-widget-spacer>.elementor-widget-container>.elementor-spacer>.elementor-spacer-inner,.e-con>.elementor-widget-spacer>.elementor-widget-container>.elementor-spacer>.elementor-spacer-inner{height:var(--container-widget-height,var(--spacer-size))}.e-con-inner>.elementor-widget-spacer.elementor-widget-empty,.e-con>.elementor-widget-spacer.elementor-widget-empty{position:relative;min-height:22px;min-width:22px}.e-con-inner>.elementor-widget-spacer.elementor-widget-empty .elementor-widget-empty-icon,.e-con>.elementor-widget-spacer.elementor-widget-empty .elementor-widget-empty-icon{position:absolute;top:0;bottom:0;left:0;right:0;margin:auto;padding:0;width:22px;height:22px}<\/style>\t\t<div class=\"elementor-spacer\">\n\t\t\t<div class=\"elementor-spacer-inner\"><\/div>\n\t\t<\/div>\n\t\t\t\t<\/div>\n\t\t\t\t<\/div>\n\t\t\t\t<div class=\"elementor-element elementor-element-7215d8c4 elementor-invisible elementor-widget elementor-widget-heading\" data-id=\"7215d8c4\" data-element_type=\"widget\" data-settings=\"{&quot;_animation&quot;:&quot;fadeInUp&quot;,&quot;_animation_delay&quot;:&quot;200&quot;}\" data-widget_type=\"heading.default\">\n\t\t\t\t<div class=\"elementor-widget-container\">\n\t\t\t<style>\/*! elementor - v3.20.0 - 13-03-2024 *\/\n.elementor-heading-title{padding:0;margin:0;line-height:1}.elementor-widget-heading .elementor-heading-title[class*=elementor-size-]>a{color:inherit;font-size:inherit;line-height:inherit}.elementor-widget-heading .elementor-heading-title.elementor-size-small{font-size:15px}.elementor-widget-heading .elementor-heading-title.elementor-size-medium{font-size:19px}.elementor-widget-heading .elementor-heading-title.elementor-size-large{font-size:29px}.elementor-widget-heading .elementor-heading-title.elementor-size-xl{font-size:39px}.elementor-widget-heading .elementor-heading-title.elementor-size-xxl{font-size:59px}<\/style><h1 class=\"elementor-heading-title elementor-size-default\">\u041a\u0442\u043e \u043c\u044b<\/h1>\t\t<\/div>\n\t\t\t\t<\/div>\n\t\t\t\t\t<\/div>\n\t\t<\/div>\n\t\t\t\t\t<\/div>\n\t\t<\/section>\n\t\t\t\t<section class=\"elementor-section elementor-top-section elementor-element elementor-element-1028eed7 elementor-section-full_width elementor-section-height-default elementor-section-height-default\" data-id=\"1028eed7\" data-element_type=\"section\" data-settings=\"{&quot;background_background&quot;:&quot;gradient&quot;}\">\n\t\t\t\t\t\t<div class=\"elementor-container elementor-column-gap-custom\">\n\t\t\t\t\t<div class=\"elementor-column elementor-col-100 elementor-top-column elementor-element elementor-element-7ac66aa0\" data-id=\"7ac66aa0\" data-element_type=\"column\">\n\t\t\t<div class=\"elementor-widget-wrap elementor-element-populated\">\n\t\t\t\t\t\t<div class=\"elementor-element elementor-element-4fc2536 elementor-invisible elementor-widget elementor-widget-image\" data-id=\"4fc2536\" data-element_type=\"widget\" data-settings=\"{&quot;_animation&quot;:&quot;zoomIn&quot;}\" data-widget_type=\"image.default\">\n\t\t\t\t<div class=\"elementor-widget-container\">\n\t\t\t<style>\/*! elementor - v3.20.0 - 13-03-2024 *\/\n.elementor-widget-image{text-align:center}.elementor-widget-image a{display:inline-block}.elementor-widget-image a img[src$=\".svg\"]{width:48px}.elementor-widget-image img{vertical-align:middle;display:inline-block}<\/style>\t\t\t\t\t\t\t\t\t\t<img fetchpriority=\"high\" decoding=\"async\" width=\"370\" height=\"502\" src=\"https:\/\/zas.az\/wp-content\/uploads\/2022\/02\/ZAStudio.svg\" class=\"attachment-large size-large wp-image-3894\" alt=\"\" \/>\t\t\t\t\t\t\t\t\t\t\t\t\t<\/div>\n\t\t\t\t<\/div>\n\t\t\t\t<div class=\"elementor-element elementor-element-10fb04d elementor-invisible elementor-widget elementor-widget-heading\" data-id=\"10fb04d\" data-element_type=\"widget\" data-settings=\"{&quot;_animation&quot;:&quot;fadeInUp&quot;}\" data-widget_type=\"heading.default\">\n\t\t\t\t<div class=\"elementor-widget-container\">\n\t\t\t<h2 class=\"elementor-heading-title elementor-size-default\">\u041e \u043d\u0430\u0441<\/h2>\t\t<\/div>\n\t\t\t\t<\/div>\n\t\t\t\t<div class=\"elementor-element elementor-element-8d6860d elementor-invisible elementor-widget elementor-widget-text-editor\" data-id=\"8d6860d\" data-element_type=\"widget\" data-settings=\"{&quot;_animation&quot;:&quot;fadeInUp&quot;}\" data-widget_type=\"text-editor.default\">\n\t\t\t\t<div class=\"elementor-widget-container\">\n\t\t\t<style>\/*! elementor - v3.20.0 - 13-03-2024 *\/\n.elementor-widget-text-editor.elementor-drop-cap-view-stacked .elementor-drop-cap{background-color:#69727d;color:#fff}.elementor-widget-text-editor.elementor-drop-cap-view-framed .elementor-drop-cap{color:#69727d;border:3px solid;background-color:transparent}.elementor-widget-text-editor:not(.elementor-drop-cap-view-default) .elementor-drop-cap{margin-top:8px}.elementor-widget-text-editor:not(.elementor-drop-cap-view-default) .elementor-drop-cap-letter{width:1em;height:1em}.elementor-widget-text-editor .elementor-drop-cap{float:left;text-align:center;line-height:1;font-size:50px}.elementor-widget-text-editor .elementor-drop-cap-letter{display:inline-block}<\/style>\t\t\t\t<p>ZAStudio \u0440\u0430\u0431\u043e\u0442\u0430\u0435\u0442 \u0441 2020 \u0433\u043e\u0434\u0430. \u041d\u0430\u0448\u0430 \u043a\u043e\u043c\u0430\u043d\u0434\u0430 \u0441\u043e\u0441\u0442\u043e\u0438\u0442 \u0438\u0437 \u043f\u0440\u043e\u0444\u0435\u0441\u0441\u0438\u043e\u043d\u0430\u043b\u044c\u043d\u044b\u0445 \u0441\u043f\u0435\u0446\u0438\u0430\u043b\u0438\u0441\u0442\u043e\u0432 \u0438 \u0444\u0440\u0438\u043b\u0430\u043d\u0441\u0435\u0440\u043e\u0432, \u043f\u0440\u043e\u0436\u0438\u0432\u0430\u044e\u0449\u0438\u0445 \u0437\u0430 \u0440\u0443\u0431\u0435\u0436\u043e\u043c. \u041d\u0430\u0448\u0430 \u043a\u043e\u043c\u043f\u0430\u043d\u0438\u044f \u0441\u043e\u0442\u0440\u0443\u0434\u043d\u0438\u0447\u0430\u0435\u0442 \u0441 \u0438\u0437\u0432\u0435\u0441\u0442\u043d\u044b\u043c\u0438 \u043a\u043e\u043c\u043f\u0430\u043d\u0438\u044f\u043c\u0438 \u0420\u043e\u0441\u0441\u0438\u0438 \u0438 \u0415\u0432\u0440\u043e\u043f\u044b.<\/p>\t\t\t\t\t\t<\/div>\n\t\t\t\t<\/div>\n\t\t\t\t<div class=\"elementor-element elementor-element-0bfa01b elementor-invisible elementor-widget elementor-widget-heading\" data-id=\"0bfa01b\" data-element_type=\"widget\" data-settings=\"{&quot;_animation&quot;:&quot;fadeInUp&quot;}\" data-widget_type=\"heading.default\">\n\t\t\t\t<div class=\"elementor-widget-container\">\n\t\t\t<h2 class=\"elementor-heading-title elementor-size-default\">\u041d\u0430\u0448\u0435 \u043f\u0440\u0435\u0438\u043c\u0443\u0449\u0435\u0441\u0442\u0432\u043e<\/h2>\t\t<\/div>\n\t\t\t\t<\/div>\n\t\t\t\t<div class=\"elementor-element elementor-element-f04f320 elementor-invisible elementor-widget elementor-widget-text-editor\" data-id=\"f04f320\" data-element_type=\"widget\" data-settings=\"{&quot;_animation&quot;:&quot;fadeInUp&quot;}\" data-widget_type=\"text-editor.default\">\n\t\t\t\t<div class=\"elementor-widget-container\">\n\t\t\t\t\t\t\t<p>ZAStudio biznesl\u0259ri transformasiya etm\u0259y\u0259 v\u0259 onlar\u0131 r\u0259q\u0259msal m\u00fchit\u0259 uy\u011funla\u015fd\u0131rma\u011fa v\u0259 biznesl\u0259rin inki\u015faf etdirm\u0259y\u0259 k\u00f6m\u0259k ed\u0259n \u015firk\u0259tdir. Biz biznes prosesl\u0259rinin avtomatla\u015fd\u0131r\u0131lmas\u0131 \u00fc\u00e7\u00fcn \u0130T h\u0259ll\u0259ri yarad\u0131r\u0131q. Biz korporativ h\u0259ll\u0259r, veb v\u0259 mobil layih\u0259l\u0259r haz\u0131rlay\u0131r v\u0259 inki\u015faf etdiririk. Mikroservisl\u0259r\u0259 \u0259saslanan ekosisteml\u0259r qururuq. \u015eirk\u0259tl\u0259rin brendinq v\u0259 konsaltinq i\u015fl\u0259rin g\u00f6r\u00fcr\u00fck.<\/p>\t\t\t\t\t\t<\/div>\n\t\t\t\t<\/div>\n\t\t\t\t<div class=\"elementor-element elementor-element-e7632cc elementor-invisible elementor-widget elementor-widget-heading\" data-id=\"e7632cc\" data-element_type=\"widget\" data-settings=\"{&quot;_animation&quot;:&quot;fadeInUp&quot;}\" data-widget_type=\"heading.default\">\n\t\t\t\t<div class=\"elementor-widget-container\">\n\t\t\t<h2 class=\"elementor-heading-title elementor-size-default\">\u0423\u0432\u0435\u043b\u0438\u0447\u0438\u0432\u0430\u0435\u043c \u0432\u0430\u0448\u0438 \u043f\u0440\u043e\u0434\u0430\u0436\u0438<\/h2>\t\t<\/div>\n\t\t\t\t<\/div>\n\t\t\t\t<div class=\"elementor-element elementor-element-4fa0cbc elementor-invisible elementor-widget elementor-widget-text-editor\" data-id=\"4fa0cbc\" data-element_type=\"widget\" data-settings=\"{&quot;_animation&quot;:&quot;fadeInUp&quot;}\" data-widget_type=\"text-editor.default\">\n\t\t\t\t<div class=\"elementor-widget-container\">\n\t\t\t\t\t\t\t<p>\u0421 \u043f\u043e\u043c\u043e\u0449\u044c\u044e \u0438\u043d\u0442\u0435\u0433\u0440\u0438\u0440\u043e\u0432\u0430\u043d\u043d\u043e\u0433\u043e \u0438\u043d\u0442\u0435\u0440\u043d\u0435\u0442-\u043c\u0430\u0440\u043a\u0435\u0442\u0438\u043d\u0433\u0430 \u043c\u044b \u0432\u043d\u0435\u0434\u0440\u044f\u0435\u043c \u044d\u0444\u0444\u0435\u043a\u0442\u0438\u0432\u043d\u044b\u0435 \u0440\u0435\u0448\u0435\u043d\u0438\u044f \u0434\u043b\u044f \u0434\u043e\u0441\u0442\u0438\u0436\u0435\u043d\u0438\u044f \u043d\u0430\u0448\u0438\u043c\u0438 \u043a\u043b\u0438\u0435\u043d\u0442\u0430\u043c\u0438 \u043c\u0430\u043a\u0441\u0438\u043c\u0430\u043b\u044c\u043d\u044b\u0445 \u0438\u043c\u0438\u0434\u0436\u0435\u0432\u044b\u0445 \u0438 \u0444\u0438\u043d\u0430\u043d\u0441\u043e\u0432\u044b\u0445 \u0440\u0435\u0437\u0443\u043b\u044c\u0442\u0430\u0442\u043e\u0432.<\/p><p>\u041f\u0440\u0438 \u0444\u043e\u0440\u043c\u0438\u0440\u043e\u0432\u0430\u043d\u0438\u0438 \u0441\u0432\u043e\u0438\u0445 \u0440\u0435\u0448\u0435\u043d\u0438\u0439 \u043c\u044b \u0443\u0447\u0438\u0442\u044b\u0432\u0430\u0435\u043c \u043f\u043e\u0441\u0442\u0430\u0432\u043b\u0435\u043d\u043d\u044b\u0435 \u043f\u0435\u0440\u0435\u0434 \u043d\u0430\u043c\u0438 \u0431\u0438\u0437\u043d\u0435\u0441-\u0437\u0430\u0434\u0430\u0447\u0438, \u0441\u043e\u0441\u0442\u043e\u044f\u043d\u0438\u0435 \u0438 \u043f\u0435\u0440\u0441\u043f\u0435\u043a\u0442\u0438\u0432\u044b \u0440\u0430\u0437\u0432\u0438\u0442\u0438\u044f \u0441\u0430\u0439\u0442\u043e\u0432, \u043f\u043e\u0441\u043b\u0435\u0434\u043d\u0438\u0435 \u0442\u0435\u0445\u043d\u043e\u043b\u043e\u0433\u0438\u0447\u0435\u0441\u043a\u0438\u0435 \u0440\u0430\u0437\u0440\u0430\u0431\u043e\u0442\u043a\u0438 \u0430\u043b\u0433\u043e\u0440\u0438\u0442\u043c\u043e\u0432 \u043f\u043e\u0438\u0441\u043a\u043e\u0432\u044b\u0445 \u0441\u0438\u0441\u0442\u0435\u043c, \u0442\u0435\u043d\u0434\u0435\u043d\u0446\u0438\u0438 \u0440\u0430\u0437\u0432\u0438\u0442\u0438\u044f \u0438\u043d\u0442\u0435\u0440\u043d\u0435\u0442-\u043c\u0430\u0440\u043a\u0435\u0442\u0438\u043d\u0433\u0430.<br \/><br \/><\/p>\t\t\t\t\t\t<\/div>\n\t\t\t\t<\/div>\n\t\t\t\t\t<\/div>\n\t\t<\/div>\n\t\t\t\t\t<\/div>\n\t\t<\/section>\n\t\t\t\t<\/div>","protected":false},"excerpt":{"rendered":"<p>Biz kimik Haqq\u0131m\u0131zda ZAStudio 2020-ild\u0259n f\u0259aliyy\u0259t g\u00f6st\u0259rir. Bizim komanda professional m\u00fct\u0259x\u0259ssisl\u0259rd\u0259n v\u0259 xarici frilanserl\u0259rd\u0259n ibar\u0259tdir. \u015eirk\u0259timiz Rusiyan\u0131n v\u0259 Avropan\u0131n tan\u0131nm\u0131\u015f \u015firk\u0259tl\u0259ri il\u0259 \u0259m\u0259kda\u015fl\u0131q edir. \u00dcst\u00fcnl\u00fcy\u00fcm\u00fcz ZAStudio biznesl\u0259ri transformasiya etm\u0259y\u0259 v\u0259 onlar\u0131 r\u0259q\u0259msal m\u00fchit\u0259 uy\u011funla\u015fd\u0131rma\u011fa v\u0259 biznesl\u0259rin inki\u015faf etdirm\u0259y\u0259 k\u00f6m\u0259k ed\u0259n \u015firk\u0259tdir. Biz biznes prosesl\u0259rinin avtomatla\u015fd\u0131r\u0131lmas\u0131 \u00fc\u00e7\u00fcn \u0130T h\u0259ll\u0259ri yarad\u0131r\u0131q. Biz korporativ h\u0259ll\u0259r, veb v\u0259 mobil [&hellip;]<\/p>","protected":false},"author":1,"featured_media":0,"parent":0,"menu_order":0,"comment_status":"closed","ping_status":"closed","template":"elementor_header_footer","meta":{"ocean_post_layout":"","ocean_both_sidebars_style":"","ocean_both_sidebars_content_width":0,"ocean_both_sidebars_sidebars_width":0,"ocean_sidebar":"0","ocean_second_sidebar":"0","ocean_disable_margins":"enable","ocean_add_body_class":"","ocean_shortcode_before_top_bar":"","ocean_shortcode_after_top_bar":"","ocean_shortcode_before_header":"","ocean_shortcode_after_header":"","ocean_has_shortcode":"","ocean_shortcode_after_title":"","ocean_shortcode_before_footer_widgets":"","ocean_shortcode_after_footer_widgets":"","ocean_shortcode_before_footer_bottom":"","ocean_shortcode_after_footer_bottom":"","ocean_display_top_bar":"default","ocean_display_header":"default","ocean_header_style":"","ocean_center_header_left_menu":"0","ocean_custom_header_template":"0","ocean_custom_logo":0,"ocean_custom_retina_logo":0,"ocean_custom_logo_max_width":0,"ocean_custom_logo_tablet_max_width":0,"ocean_custom_logo_mobile_max_width":0,"ocean_custom_logo_max_height":0,"ocean_custom_logo_tablet_max_height":0,"ocean_custom_logo_mobile_max_height":0,"ocean_header_custom_menu":"0","ocean_menu_typo_font_family":"0","ocean_menu_typo_font_subset":"","ocean_menu_typo_font_size":0,"ocean_menu_typo_font_size_tablet":0,"ocean_menu_typo_font_size_mobile":0,"ocean_menu_typo_font_size_unit":"px","ocean_menu_typo_font_weight":"","ocean_menu_typo_font_weight_tablet":"","ocean_menu_typo_font_weight_mobile":"","ocean_menu_typo_transform":"","ocean_menu_typo_transform_tablet":"","ocean_menu_typo_transform_mobile":"","ocean_menu_typo_line_height":0,"ocean_menu_typo_line_height_tablet":0,"ocean_menu_typo_line_height_mobile":0,"ocean_menu_typo_line_height_unit":"","ocean_menu_typo_spacing":0,"ocean_menu_typo_spacing_tablet":0,"ocean_menu_typo_spacing_mobile":0,"ocean_menu_typo_spacing_unit":"","ocean_menu_link_color":"","ocean_menu_link_color_hover":"","ocean_menu_link_color_active":"","ocean_menu_link_background":"","ocean_menu_link_hover_background":"","ocean_menu_link_active_background":"","ocean_menu_social_links_bg":"","ocean_menu_social_hover_links_bg":"","ocean_menu_social_links_color":"","ocean_menu_social_hover_links_color":"","ocean_disable_title":"default","ocean_disable_heading":"default","ocean_post_title":"","ocean_post_subheading":"","ocean_post_title_style":"","ocean_post_title_background_color":"","ocean_post_title_background":0,"ocean_post_title_bg_image_position":"","ocean_post_title_bg_image_attachment":"","ocean_post_title_bg_image_repeat":"","ocean_post_title_bg_image_size":"","ocean_post_title_height":0,"ocean_post_title_bg_overlay":0.5,"ocean_post_title_bg_overlay_color":"","ocean_disable_breadcrumbs":"default","ocean_breadcrumbs_color":"","ocean_breadcrumbs_separator_color":"","ocean_breadcrumbs_links_color":"","ocean_breadcrumbs_links_hover_color":"","ocean_display_footer_widgets":"default","ocean_display_footer_bottom":"default","ocean_custom_footer_template":"0","footnotes":""},"class_list":["post-2390","page","type-page","status-publish","hentry","entry"],"yoast_head":"<!-- This site is optimized with the Yoast SEO plugin v22.2 - https:\/\/yoast.com\/wordpress\/plugins\/seo\/ -->\n<title>Biz kimik? - ZAS<\/title>\n<meta name=\"description\" content=\"ZAQ kompaniyas\u0131 Az\u0259rbaycanda v\u0259 dig\u0259r \u00f6lk\u0259l\u0259rd\u0259 m\u0259h\u015fur olunmu\u015f kompaniyas\u0131d\u0131r. Siz\u0259 b\u00fct\u00fcn digital servisl\u0259r\u0259 aid olan xidm\u0259tl\u0259r t\u0259klif edirik.\" \/>\n<meta name=\"robots\" content=\"index, follow, max-snippet:-1, max-image-preview:large, max-video-preview:-1\" \/>\n<link rel=\"canonical\" href=\"https:\/\/zas.az\/ru\/biz-kimik\/\" \/>\n<meta property=\"og:locale\" content=\"ru_RU\" \/>\n<meta property=\"og:type\" content=\"article\" \/>\n<meta property=\"og:title\" content=\"Biz kimik? - ZAS\" \/>\n<meta property=\"og:description\" content=\"ZAQ kompaniyas\u0131 Az\u0259rbaycanda v\u0259 dig\u0259r \u00f6lk\u0259l\u0259rd\u0259 m\u0259h\u015fur olunmu\u015f kompaniyas\u0131d\u0131r. Siz\u0259 b\u00fct\u00fcn digital servisl\u0259r\u0259 aid olan xidm\u0259tl\u0259r t\u0259klif edirik.\" \/>\n<meta property=\"og:url\" content=\"https:\/\/zas.az\/ru\/biz-kimik\/\" \/>\n<meta property=\"og:site_name\" content=\"ZAS\" \/>\n<meta property=\"article:modified_time\" content=\"2022-03-13T17:26:31+00:00\" \/>\n<meta property=\"og:image\" content=\"https:\/\/zas.az\/wp-content\/uploads\/2022\/02\/ZAStudio.svg\" \/>\n<meta name=\"twitter:card\" content=\"summary_large_image\" \/>\n<meta name=\"twitter:label1\" content=\"\u041f\u0440\u0438\u043c\u0435\u0440\u043d\u043e\u0435 \u0432\u0440\u0435\u043c\u044f \u0434\u043b\u044f \u0447\u0442\u0435\u043d\u0438\u044f\" \/>\n\t<meta name=\"twitter:data1\" content=\"1 \u043c\u0438\u043d\u0443\u0442\u0430\" \/>\n<script type=\"application\/ld+json\" class=\"yoast-schema-graph\">{\"@context\":\"https:\/\/schema.org\",\"@graph\":[{\"@type\":\"WebPage\",\"@id\":\"https:\/\/zas.az\/biz-kimik\/\",\"url\":\"https:\/\/zas.az\/biz-kimik\/\",\"name\":\"Biz kimik? - ZAS\",\"isPartOf\":{\"@id\":\"https:\/\/zas.az\/#website\"},\"primaryImageOfPage\":{\"@id\":\"https:\/\/zas.az\/biz-kimik\/#primaryimage\"},\"image\":{\"@id\":\"https:\/\/zas.az\/biz-kimik\/#primaryimage\"},\"thumbnailUrl\":\"https:\/\/zas.az\/wp-content\/uploads\/2022\/02\/ZAStudio.svg\",\"datePublished\":\"2022-02-08T19:42:12+00:00\",\"dateModified\":\"2022-03-13T17:26:31+00:00\",\"description\":\"ZAQ kompaniyas\u0131 Az\u0259rbaycanda v\u0259 dig\u0259r \u00f6lk\u0259l\u0259rd\u0259 m\u0259h\u015fur olunmu\u015f kompaniyas\u0131d\u0131r. Siz\u0259 b\u00fct\u00fcn digital servisl\u0259r\u0259 aid olan xidm\u0259tl\u0259r t\u0259klif edirik.\",\"breadcrumb\":{\"@id\":\"https:\/\/zas.az\/biz-kimik\/#breadcrumb\"},\"inLanguage\":\"ru-RU\",\"potentialAction\":[{\"@type\":\"ReadAction\",\"target\":[\"https:\/\/zas.az\/biz-kimik\/\"]}]},{\"@type\":\"ImageObject\",\"inLanguage\":\"ru-RU\",\"@id\":\"https:\/\/zas.az\/biz-kimik\/#primaryimage\",\"url\":\"https:\/\/zas.az\/wp-content\/uploads\/2022\/02\/ZAStudio.svg\",\"contentUrl\":\"https:\/\/zas.az\/wp-content\/uploads\/2022\/02\/ZAStudio.svg\",\"width\":370,\"height\":502},{\"@type\":\"BreadcrumbList\",\"@id\":\"https:\/\/zas.az\/biz-kimik\/#breadcrumb\",\"itemListElement\":[{\"@type\":\"ListItem\",\"position\":1,\"name\":\"\u0413\u043b\u0430\u0432\u043d\u0430\u044f \u0441\u0442\u0440\u0430\u043d\u0438\u0446\u0430\",\"item\":\"https:\/\/zas.az\/\"},{\"@type\":\"ListItem\",\"position\":2,\"name\":\"Biz kimik?\"}]},{\"@type\":\"WebSite\",\"@id\":\"https:\/\/zas.az\/#website\",\"url\":\"https:\/\/zas.az\/\",\"name\":\"ZAS\",\"description\":\"G\u0259l\u0259c\u0259y\u0259 bir add\u0131m daya yax\u0131n\",\"publisher\":{\"@id\":\"https:\/\/zas.az\/#organization\"},\"potentialAction\":[{\"@type\":\"SearchAction\",\"target\":{\"@type\":\"EntryPoint\",\"urlTemplate\":\"https:\/\/zas.az\/?s={search_term_string}\"},\"query-input\":\"required name=search_term_string\"}],\"inLanguage\":\"ru-RU\"},{\"@type\":\"Organization\",\"@id\":\"https:\/\/zas.az\/#organization\",\"name\":\"ZAS\",\"url\":\"https:\/\/zas.az\/\",\"logo\":{\"@type\":\"ImageObject\",\"inLanguage\":\"ru-RU\",\"@id\":\"https:\/\/zas.az\/#\/schema\/logo\/image\/\",\"url\":\"https:\/\/zas.az\/wp-content\/uploads\/2022\/01\/ZAStudio-04.svg\",\"contentUrl\":\"https:\/\/zas.az\/wp-content\/uploads\/2022\/01\/ZAStudio-04.svg\",\"width\":841,\"height\":595,\"caption\":\"ZAS\"},\"image\":{\"@id\":\"https:\/\/zas.az\/#\/schema\/logo\/image\/\"}}]}<\/script>\n<!-- \/ Yoast SEO plugin. -->","yoast_head_json":{"title":"Biz kimik? - ZAS","description":"ZAQ kompaniyas\u0131 Az\u0259rbaycanda v\u0259 dig\u0259r \u00f6lk\u0259l\u0259rd\u0259 m\u0259h\u015fur olunmu\u015f kompaniyas\u0131d\u0131r. Siz\u0259 b\u00fct\u00fcn digital servisl\u0259r\u0259 aid olan xidm\u0259tl\u0259r t\u0259klif edirik.","robots":{"index":"index","follow":"follow","max-snippet":"max-snippet:-1","max-image-preview":"max-image-preview:large","max-video-preview":"max-video-preview:-1"},"canonical":"https:\/\/zas.az\/ru\/biz-kimik\/","og_locale":"ru_RU","og_type":"article","og_title":"Biz kimik? - ZAS","og_description":"ZAQ kompaniyas\u0131 Az\u0259rbaycanda v\u0259 dig\u0259r \u00f6lk\u0259l\u0259rd\u0259 m\u0259h\u015fur olunmu\u015f kompaniyas\u0131d\u0131r. Siz\u0259 b\u00fct\u00fcn digital servisl\u0259r\u0259 aid olan xidm\u0259tl\u0259r t\u0259klif edirik.","og_url":"https:\/\/zas.az\/ru\/biz-kimik\/","og_site_name":"ZAS","article_modified_time":"2022-03-13T17:26:31+00:00","og_image":[{"url":"https:\/\/zas.az\/wp-content\/uploads\/2022\/02\/ZAStudio.svg"}],"twitter_card":"summary_large_image","twitter_misc":{"\u041f\u0440\u0438\u043c\u0435\u0440\u043d\u043e\u0435 \u0432\u0440\u0435\u043c\u044f \u0434\u043b\u044f \u0447\u0442\u0435\u043d\u0438\u044f":"1 \u043c\u0438\u043d\u0443\u0442\u0430"},"schema":{"@context":"https:\/\/schema.org","@graph":[{"@type":"WebPage","@id":"https:\/\/zas.az\/biz-kimik\/","url":"https:\/\/zas.az\/biz-kimik\/","name":"Biz kimik? - ZAS","isPartOf":{"@id":"https:\/\/zas.az\/#website"},"primaryImageOfPage":{"@id":"https:\/\/zas.az\/biz-kimik\/#primaryimage"},"image":{"@id":"https:\/\/zas.az\/biz-kimik\/#primaryimage"},"thumbnailUrl":"https:\/\/zas.az\/wp-content\/uploads\/2022\/02\/ZAStudio.svg","datePublished":"2022-02-08T19:42:12+00:00","dateModified":"2022-03-13T17:26:31+00:00","description":"ZAQ kompaniyas\u0131 Az\u0259rbaycanda v\u0259 dig\u0259r \u00f6lk\u0259l\u0259rd\u0259 m\u0259h\u015fur olunmu\u015f kompaniyas\u0131d\u0131r. Siz\u0259 b\u00fct\u00fcn digital servisl\u0259r\u0259 aid olan xidm\u0259tl\u0259r t\u0259klif edirik.","breadcrumb":{"@id":"https:\/\/zas.az\/biz-kimik\/#breadcrumb"},"inLanguage":"ru-RU","potentialAction":[{"@type":"ReadAction","target":["https:\/\/zas.az\/biz-kimik\/"]}]},{"@type":"ImageObject","inLanguage":"ru-RU","@id":"https:\/\/zas.az\/biz-kimik\/#primaryimage","url":"https:\/\/zas.az\/wp-content\/uploads\/2022\/02\/ZAStudio.svg","contentUrl":"https:\/\/zas.az\/wp-content\/uploads\/2022\/02\/ZAStudio.svg","width":370,"height":502},{"@type":"BreadcrumbList","@id":"https:\/\/zas.az\/biz-kimik\/#breadcrumb","itemListElement":[{"@type":"ListItem","position":1,"name":"\u0413\u043b\u0430\u0432\u043d\u0430\u044f \u0441\u0442\u0440\u0430\u043d\u0438\u0446\u0430","item":"https:\/\/zas.az\/"},{"@type":"ListItem","position":2,"name":"Biz kimik?"}]},{"@type":"WebSite","@id":"https:\/\/zas.az\/#website","url":"https:\/\/zas.az\/","name":"ZAS","description":"G\u0259l\u0259c\u0259y\u0259 bir add\u0131m daya yax\u0131n","publisher":{"@id":"https:\/\/zas.az\/#organization"},"potentialAction":[{"@type":"SearchAction","target":{"@type":"EntryPoint","urlTemplate":"https:\/\/zas.az\/?s={search_term_string}"},"query-input":"required name=search_term_string"}],"inLanguage":"ru-RU"},{"@type":"Organization","@id":"https:\/\/zas.az\/#organization","name":"ZAS","url":"https:\/\/zas.az\/","logo":{"@type":"ImageObject","inLanguage":"ru-RU","@id":"https:\/\/zas.az\/#\/schema\/logo\/image\/","url":"https:\/\/zas.az\/wp-content\/uploads\/2022\/01\/ZAStudio-04.svg","contentUrl":"https:\/\/zas.az\/wp-content\/uploads\/2022\/01\/ZAStudio-04.svg","width":841,"height":595,"caption":"ZAS"},"image":{"@id":"https:\/\/zas.az\/#\/schema\/logo\/image\/"}}]}},"_links":{"self":[{"href":"https:\/\/zas.az\/ru\/wp-json\/wp\/v2\/pages\/2390"}],"collection":[{"href":"https:\/\/zas.az\/ru\/wp-json\/wp\/v2\/pages"}],"about":[{"href":"https:\/\/zas.az\/ru\/wp-json\/wp\/v2\/types\/page"}],"author":[{"embeddable":true,"href":"https:\/\/zas.az\/ru\/wp-json\/wp\/v2\/users\/1"}],"replies":[{"embeddable":true,"href":"https:\/\/zas.az\/ru\/wp-json\/wp\/v2\/comments?post=2390"}],"version-history":[{"count":79,"href":"https:\/\/zas.az\/ru\/wp-json\/wp\/v2\/pages\/2390\/revisions"}],"predecessor-version":[{"id":3944,"href":"https:\/\/zas.az\/ru\/wp-json\/wp\/v2\/pages\/2390\/revisions\/3944"}],"wp:attachment":[{"href":"https:\/\/zas.az\/ru\/wp-json\/wp\/v2\/media?parent=2390"}],"curies":[{"name":"wp","href":"https:\/\/api.w.org\/{rel}","templated":true}]}}